{"id":3552,"date":"2021-09-02T13:19:00","date_gmt":"2021-09-02T11:19:00","guid":{"rendered":"https:\/\/www.pawa.no\/?page_id=3552"},"modified":"2021-09-20T14:17:07","modified_gmt":"2021-09-20T12:17:07","slug":"vart-arbeid","status":"publish","type":"page","link":"https:\/\/www.pawa.no\/?page_id=3552","title":{"rendered":"V\u00e5rt arbeid"},"content":{"rendered":"<div id=\"pl-gb3552-69fde6f027fb7\"  class=\"panel-layout\" ><div id=\"pg-gb3552-69fde6f027fb7-0\"  class=\"panel-grid panel-has-style\" ><div class=\"siteorigin-panels-stretch panel-row-style panel-row-style-for-gb3552-69fde6f027fb7-0\" data-stretch-type=\"full\" ><div id=\"pgc-gb3552-69fde6f027fb7-0-0\"  class=\"panel-grid-cell\" ><div id=\"panel-gb3552-69fde6f027fb7-0-0-0\" class=\"so-panel widget widget_sow-image panel-first-child panel-last-child\" data-index=\"0\" ><div\n\t\t\t\n\t\t\tclass=\"so-widget-sow-image so-widget-sow-image-default-8b5b6f678277-3552\"\n\t\t\t\n\t\t>\n\n<div class=\"sow-image-container\">\n\t\t<img fetchpriority=\"high\" decoding=\"async\" src=\"https:\/\/www.pawa.no\/wp-content\/uploads\/2021\/09\/IMG_5764-scaled.jpeg\" width=\"2560\" height=\"1920\" srcset=\"https:\/\/www.pawa.no\/wp-content\/uploads\/2021\/09\/IMG_5764-scaled.jpeg 2560w, https:\/\/www.pawa.no\/wp-content\/uploads\/2021\/09\/IMG_5764-300x225.jpeg 300w, https:\/\/www.pawa.no\/wp-content\/uploads\/2021\/09\/IMG_5764-1024x768.jpeg 1024w, https:\/\/www.pawa.no\/wp-content\/uploads\/2021\/09\/IMG_5764-768x576.jpeg 768w, https:\/\/www.pawa.no\/wp-content\/uploads\/2021\/09\/IMG_5764-1536x1152.jpeg 1536w, https:\/\/www.pawa.no\/wp-content\/uploads\/2021\/09\/IMG_5764-2048x1536.jpeg 2048w, https:\/\/www.pawa.no\/wp-content\/uploads\/2021\/09\/IMG_5764-80x60.jpeg 80w\" sizes=\"(max-width: 2560px) 100vw, 2560px\" title=\"IMG_5764\" alt=\"\" \t\tclass=\"so-widget-image\"\/>\n\t<\/div>\n\n<\/div><\/div><\/div><div id=\"pgc-gb3552-69fde6f027fb7-0-1\"  class=\"panel-grid-cell\" ><div id=\"panel-gb3552-69fde6f027fb7-0-1-0\" class=\"so-panel widget widget_sow-editor panel-first-child\" data-index=\"1\" ><div class=\"panel-widget-style panel-widget-style-for-gb3552-69fde6f027fb7-0-1-0\" ><div\n\t\t\t\n\t\t\tclass=\"so-widget-sow-editor so-widget-sow-editor-base\"\n\t\t\t\n\t\t>\n<div class=\"siteorigin-widget-tinymce textwidget\">\n\t<h1><span style=\"color: #000000;\">V\u00c5RE KJERNESAKER<\/span><\/h1>\n<p>Det er spesielt tre saker vi velger \u00e5 fokusere p\u00e5. Dette er fordi vi vet det er saker som ber\u00f8rer panafrikanske kvinner og jenter i Norge.<\/p>\n<ul>\n<li><span style=\"color: #000000;\"><strong>Kj\u00f8nnslemlestelse<span class=\"Apple-converted-space\">\u00a0av kvinner<br \/>\n<\/span><\/strong><strong>Kj\u00f8nnsbasert vold<br \/>\n<\/strong><strong>Mental helse<\/strong><\/span><\/li>\n<\/ul>\n<\/div>\n<\/div><\/div><\/div><div id=\"panel-gb3552-69fde6f027fb7-0-1-1\" class=\"so-panel widget widget_sow-button panel-last-child\" data-index=\"2\" ><div\n\t\t\t\n\t\t\tclass=\"so-widget-sow-button so-widget-sow-button-wire-2cfc30c770ff-3552\"\n\t\t\t\n\t\t><div class=\"ow-button-base ow-button-align-left\">\n\t\t\t<a\n\t\t\t\t\thref=\"https:\/\/www.pawa.no\/blogg-2\/\"\n\t\t\t\t\tclass=\"sowb-button ow-icon-placement-left ow-button-hover\" \t>\n\t\t<span>\n\t\t\t\n\t\t\tLES MER HER\t\t<\/span>\n\t\t\t<\/a>\n\t<\/div>\n<\/div><\/div><\/div><\/div><\/div><div id=\"pg-gb3552-69fde6f027fb7-1\"  class=\"panel-grid panel-has-style\" ><div class=\"siteorigin-panels-stretch panel-row-style panel-row-style-for-gb3552-69fde6f027fb7-1\" data-stretch-type=\"full\" ><div id=\"pgc-gb3552-69fde6f027fb7-1-0\"  class=\"panel-grid-cell\" ><div id=\"panel-gb3552-69fde6f027fb7-1-0-0\" class=\"so-panel widget widget_sow-editor panel-first-child panel-last-child\" data-index=\"3\" ><div class=\"panel-widget-style panel-widget-style-for-gb3552-69fde6f027fb7-1-0-0\" ><div\n\t\t\t\n\t\t\tclass=\"so-widget-sow-editor so-widget-sow-editor-base\"\n\t\t\t\n\t\t>\n<div class=\"siteorigin-widget-tinymce textwidget\">\n\t<h1>BEKJEMPE MED KUNNSKAP<\/h1>\n<p><span style=\"color: #000000;\">Vi \u00f8nsker \u00e5 belyse v\u00e5re kjernesaker b\u00e5de i Norge og i Kenya. Det gj\u00f8r vi gjennom seminarer, workshops, reise til mindre samfunn i Kenya (landsbyer). Gjennom dette kan vi gi informasjon og kunnskap slik at vi kan forebygge kj\u00f8nnslemlestelse, kj\u00f8nnsbasert vold og fjerne stigma rundt mental helse.\u00a0<\/span><\/p>\n<\/div>\n<\/div><\/div><\/div><\/div><div id=\"pgc-gb3552-69fde6f027fb7-1-1\"  class=\"panel-grid-cell\" ><div id=\"panel-gb3552-69fde6f027fb7-1-1-0\" class=\"so-panel widget widget_sow-image panel-first-child panel-last-child\" data-index=\"4\" ><div class=\"panel-widget-style panel-widget-style-for-gb3552-69fde6f027fb7-1-1-0\" ><div\n\t\t\t\n\t\t\tclass=\"so-widget-sow-image so-widget-sow-image-default-8b5b6f678277-3552\"\n\t\t\t\n\t\t>\n\n<div class=\"sow-image-container\">\n\t\t<img decoding=\"async\" src=\"https:\/\/www.pawa.no\/wp-content\/uploads\/2021\/08\/13119852_1710272912570075_8454907158815400214_o.jpg\" width=\"1024\" height=\"765\" srcset=\"https:\/\/www.pawa.no\/wp-content\/uploads\/2021\/08\/13119852_1710272912570075_8454907158815400214_o.jpg 1024w, https:\/\/www.pawa.no\/wp-content\/uploads\/2021\/08\/13119852_1710272912570075_8454907158815400214_o-300x224.jpg 300w, https:\/\/www.pawa.no\/wp-content\/uploads\/2021\/08\/13119852_1710272912570075_8454907158815400214_o-768x574.jpg 768w, https:\/\/www.pawa.no\/wp-content\/uploads\/2021\/08\/13119852_1710272912570075_8454907158815400214_o-80x60.jpg 80w\" sizes=\"(max-width: 1024px) 100vw, 1024px\" alt=\"\" \t\tclass=\"so-widget-image\"\/>\n\t<\/div>\n\n<\/div><\/div><\/div><\/div><\/div><\/div><div id=\"pg-gb3552-69fde6f027fb7-2\"  class=\"panel-grid panel-has-style\" ><div class=\"siteorigin-panels-stretch panel-row-style panel-row-style-for-gb3552-69fde6f027fb7-2\" data-stretch-type=\"full\" ><div id=\"pgc-gb3552-69fde6f027fb7-2-0\"  class=\"panel-grid-cell\" ><div id=\"panel-gb3552-69fde6f027fb7-2-0-0\" class=\"so-panel widget widget_sow-image panel-first-child panel-last-child\" data-index=\"5\" ><div\n\t\t\t\n\t\t\tclass=\"so-widget-sow-image so-widget-sow-image-default-8b5b6f678277-3552\"\n\t\t\t\n\t\t>\n\n<div class=\"sow-image-container\">\n\t\t<img decoding=\"async\" src=\"https:\/\/www.pawa.no\/wp-content\/uploads\/2021\/09\/22048091_1952302925033738_3207307004258235832_o.jpg\" width=\"2048\" height=\"1536\" srcset=\"https:\/\/www.pawa.no\/wp-content\/uploads\/2021\/09\/22048091_1952302925033738_3207307004258235832_o.jpg 2048w, https:\/\/www.pawa.no\/wp-content\/uploads\/2021\/09\/22048091_1952302925033738_3207307004258235832_o-300x225.jpg 300w, https:\/\/www.pawa.no\/wp-content\/uploads\/2021\/09\/22048091_1952302925033738_3207307004258235832_o-1024x768.jpg 1024w, https:\/\/www.pawa.no\/wp-content\/uploads\/2021\/09\/22048091_1952302925033738_3207307004258235832_o-768x576.jpg 768w, https:\/\/www.pawa.no\/wp-content\/uploads\/2021\/09\/22048091_1952302925033738_3207307004258235832_o-1536x1152.jpg 1536w, https:\/\/www.pawa.no\/wp-content\/uploads\/2021\/09\/22048091_1952302925033738_3207307004258235832_o-80x60.jpg 80w\" sizes=\"(max-width: 2048px) 100vw, 2048px\" alt=\"\" \t\tclass=\"so-widget-image\"\/>\n\t<\/div>\n\n<\/div><\/div><\/div><div id=\"pgc-gb3552-69fde6f027fb7-2-1\"  class=\"panel-grid-cell\" ><div id=\"panel-gb3552-69fde6f027fb7-2-1-0\" class=\"so-panel widget widget_sow-editor panel-first-child panel-last-child\" data-index=\"6\" ><div\n\t\t\t\n\t\t\tclass=\"so-widget-sow-editor so-widget-sow-editor-base\"\n\t\t\t\n\t\t>\n<div class=\"siteorigin-widget-tinymce textwidget\">\n\t<h1><span style=\"color: #000000;\">DET SOM ER VIKTIG FOR OSS<\/span><\/h1>\n<div dir=\"auto\">\n<p>Hos oss i Pawa er det viktig at alle panafrikanske kvinner og jenter i Norge kjenner til deres rettigheter. Det er ogs\u00e5 viktig at de har et sted \u00e5 henvise seg til hvis det skulle oppst\u00e5<span class=\"Apple-converted-space\">\u00a0<\/span>sosiale og helsemessige problemer. Dette gjelder uansett om de er oppvokst her, bodd her lenge eller nylig kommet til Norge.<span class=\"Apple-converted-space\">\u00a0<\/span><\/p>\n<\/div>\n<\/div>\n<\/div><\/div><\/div><\/div><\/div><div id=\"pg-gb3552-69fde6f027fb7-3\"  class=\"panel-grid panel-has-style\" ><div class=\"siteorigin-panels-stretch panel-row-style panel-row-style-for-gb3552-69fde6f027fb7-3\" data-stretch-type=\"full\" ><div id=\"pgc-gb3552-69fde6f027fb7-3-0\"  class=\"panel-grid-cell\" ><div id=\"panel-gb3552-69fde6f027fb7-3-0-0\" class=\"so-panel widget widget_text panel-first-child\" data-index=\"7\" ><div class=\"panel-widget-style panel-widget-style-for-gb3552-69fde6f027fb7-3-0-0\" >\t\t\t<div class=\"textwidget\"><p>For \u00e5 se mer av v\u00e5rt arbeid, f\u00f8lg oss gjerne!<\/p>\n<\/div>\n\t\t<\/div><\/div><div id=\"panel-gb3552-69fde6f027fb7-3-0-1\" class=\"so-panel widget widget_sow-social-media-buttons panel-last-child\" data-index=\"8\" ><div class=\"panel-widget-style panel-widget-style-for-gb3552-69fde6f027fb7-3-0-1\" ><div\n\t\t\t\n\t\t\tclass=\"so-widget-sow-social-media-buttons so-widget-sow-social-media-buttons-wire-d973c0ec2a09-3552\"\n\t\t\t\n\t\t>\n\n<div class=\"social-media-button-container\">\n\t\n\t\t<a class=\"ow-button-hover sow-social-media-button-facebook-0 sow-social-media-button\" title=\" on Facebook\" aria-label=\" on Facebook\" target=\"_blank\" rel=\"noopener noreferrer\" href=\"https:\/\/www.facebook.com\/pawanorway\/?ref=page_internal\" >\n\t\t\t<span>\n\t\t\t\t\t\t\t\t<span class=\"sow-icon-fontawesome sow-fab\" data-sow-icon=\"&#xf39e;\"\n\t\t \n\t\taria-hidden=\"true\"><\/span>\t\t\t\t\t\t\t<\/span>\n\t\t<\/a>\n\t<\/div>\n<\/div><\/div><\/div><\/div><\/div><\/div><\/div>","protected":false},"excerpt":{"rendered":"<p>V\u00c5RE KJERNESAKER Det er spesielt tre saker vi velger \u00e5 fokusere p\u00e5. Dette er fordi vi vet det er saker som ber\u00f8rer panafrikanske kvinner og jenter i Norge. Kj\u00f8nnslemlestelse\u00a0av kvinner Kj\u00f8nnsbasert vold Mental helse BEKJEMPE MED KUNNSKAP Vi \u00f8nsker \u00e5 belyse v\u00e5re kjernesaker b\u00e5de i Norge og i Kenya. Det gj\u00f8r vi gjennom seminarer, workshops, reise til mindre samfunn i [&hellip;]<\/p>\n","protected":false},"author":1,"featured_media":0,"parent":0,"menu_order":0,"comment_status":"closed","ping_status":"closed","template":"","meta":{"_oct_exclude_from_cache":false,"footnotes":""},"class_list":["post-3552","page","type-page","status-publish","hentry"],"_links":{"self":[{"href":"https:\/\/www.pawa.no\/index.php?rest_route=\/wp\/v2\/pages\/3552","targetHints":{"allow":["GET"]}}],"collection":[{"href":"https:\/\/www.pawa.no\/index.php?rest_route=\/wp\/v2\/pages"}],"about":[{"href":"https:\/\/www.pawa.no\/index.php?rest_route=\/wp\/v2\/types\/page"}],"author":[{"embeddable":true,"href":"https:\/\/www.pawa.no\/index.php?rest_route=\/wp\/v2\/users\/1"}],"replies":[{"embeddable":true,"href":"https:\/\/www.pawa.no\/index.php?rest_route=%2Fwp%2Fv2%2Fcomments&post=3552"}],"version-history":[{"count":4,"href":"https:\/\/www.pawa.no\/index.php?rest_route=\/wp\/v2\/pages\/3552\/revisions"}],"predecessor-version":[{"id":3606,"href":"https:\/\/www.pawa.no\/index.php?rest_route=\/wp\/v2\/pages\/3552\/revisions\/3606"}],"wp:attachment":[{"href":"https:\/\/www.pawa.no\/index.php?rest_route=%2Fwp%2Fv2%2Fmedia&parent=3552"}],"curies":[{"name":"wp","href":"https:\/\/api.w.org\/{rel}","templated":true}]}}